{"id":127,"date":"2024-04-16T07:17:35","date_gmt":"2024-04-16T07:17:35","guid":{"rendered":"http:\/\/mivia.io\/?page_id=127"},"modified":"2025-06-18T08:15:54","modified_gmt":"2025-06-18T08:15:54","slug":"newsletter","status":"publish","type":"page","link":"https:\/\/mivia.ai\/en\/newsletter\/","title":{"rendered":"Newsletter"},"content":{"rendered":"<style>.kb-row-layout-id127_f39a54-69 > .kt-row-column-wrap{align-content:start;}:where(.kb-row-layout-id127_f39a54-69 > .kt-row-column-wrap) > .wp-block-kadence-column{justify-content:start;}.kb-row-layout-id127_f39a54-69 > .kt-row-column-wrap{column-gap:var(--global-kb-gap-none, 0rem );row-gap:var(--global-kb-gap-md, 2rem);max-width:var( --global-content-width, 1440px );padding-left:var(--global-content-edge-padding);padding-right:var(--global-content-edge-padding);padding-top:var(--global-kb-spacing-5xl, 10rem);padding-bottom:var(--global-kb-spacing-5xl, 10rem);min-height:1vh;grid-template-columns:minmax(0, 1fr);}.kb-row-layout-id127_f39a54-69{background-image:url('https:\/\/mivia.ai\/wp-content\/uploads\/2024\/04\/Mivia_Background_16-9_Jade-2.jpg');background-size:cover;background-position:center center;background-attachment:scroll;background-repeat:no-repeat;}.kb-row-layout-id127_f39a54-69 > .kt-row-layout-overlay{opacity:0.30;}@media all and (max-width: 1024px){.kb-row-layout-id127_f39a54-69 > .kt-row-column-wrap{grid-template-columns:minmax(0, 1fr);}}@media all and (max-width: 767px){.kb-row-layout-id127_f39a54-69 > .kt-row-column-wrap{grid-template-columns:minmax(0, 1fr);}}<\/style><div class=\"kb-row-layout-wrap kb-row-layout-id127_f39a54-69 alignfull has-theme-palette9-background-color kt-row-has-bg wp-block-kadence-rowlayout\"><div class=\"kt-row-column-wrap kt-has-1-columns kt-row-layout-equal kt-tab-layout-inherit kt-mobile-layout-row kt-row-valign-top kt-inner-column-height-full kb-theme-content-width\">\n<style>.kadence-column127_bf65a7-9f > .kt-inside-inner-col,.kadence-column127_bf65a7-9f > .kt-inside-inner-col:before{border-top-left-radius:0px;border-top-right-radius:0px;border-bottom-right-radius:0px;border-bottom-left-radius:0px;}.kadence-column127_bf65a7-9f > .kt-inside-inner-col{column-gap:var(--global-kb-gap-sm, 1rem);}.kadence-column127_bf65a7-9f > .kt-inside-inner-col{flex-direction:column;}.kadence-column127_bf65a7-9f > .kt-inside-inner-col > .aligncenter{width:100%;}.kadence-column127_bf65a7-9f > .kt-inside-inner-col:before{opacity:0.3;}.kadence-column127_bf65a7-9f{position:relative;}@media all and (max-width: 1024px){.kadence-column127_bf65a7-9f > .kt-inside-inner-col{flex-direction:column;justify-content:center;}}@media all and (max-width: 767px){.kadence-column127_bf65a7-9f > .kt-inside-inner-col{flex-direction:column;justify-content:center;}}<\/style>\n<div class=\"wp-block-kadence-column kadence-column127_bf65a7-9f inner-column-1\"><div class=\"kt-inside-inner-col\"><style>.kb-row-layout-id127_c9c9e2-a0 > .kt-row-column-wrap{align-content:start;}:where(.kb-row-layout-id127_c9c9e2-a0 > .kt-row-column-wrap) > .wp-block-kadence-column{justify-content:start;}.kb-row-layout-id127_c9c9e2-a0 > .kt-row-column-wrap{column-gap:var(--global-kb-gap-none, 0rem );row-gap:var(--global-kb-gap-none, 0rem );grid-template-columns:minmax(0, calc(50% - ((var(--global-kb-gap-none, 0rem ) * 1 )\/2)))minmax(0, calc(50% - ((var(--global-kb-gap-none, 0rem ) * 1 )\/2)));}.kb-row-layout-id127_c9c9e2-a0{border-top-left-radius:25px;border-top-right-radius:25px;border-bottom-right-radius:25px;border-bottom-left-radius:25px;overflow:clip;isolation:isolate;}.kb-row-layout-id127_c9c9e2-a0 > .kt-row-layout-overlay{border-top-left-radius:25px;border-top-right-radius:25px;border-bottom-right-radius:25px;border-bottom-left-radius:25px;}.kb-row-layout-id127_c9c9e2-a0 > .kt-row-layout-overlay{opacity:0.30;}@media all and (max-width: 1024px){.kb-row-layout-id127_c9c9e2-a0 > .kt-row-column-wrap{grid-template-columns:repeat(2, minmax(0, 1fr));}}@media all and (max-width: 767px){.kb-row-layout-id127_c9c9e2-a0 > .kt-row-column-wrap{grid-template-columns:minmax(0, 1fr);}}<\/style><div class=\"kb-row-layout-wrap kb-row-layout-id127_c9c9e2-a0 alignnone wp-block-kadence-rowlayout\"><div class=\"kt-row-column-wrap kt-has-2-columns kt-row-layout-equal kt-tab-layout-inherit kt-mobile-layout-row kt-row-valign-top kt-inner-column-height-full\">\n<style>.kadence-column127_811d85-db > .kt-inside-inner-col,.kadence-column127_811d85-db > .kt-inside-inner-col:before{border-top-left-radius:0px;border-top-right-radius:0px;border-bottom-right-radius:0px;border-bottom-left-radius:0px;}.kadence-column127_811d85-db > .kt-inside-inner-col{column-gap:var(--global-kb-gap-sm, 1rem);}.kadence-column127_811d85-db > .kt-inside-inner-col{flex-direction:column;}.kadence-column127_811d85-db > .kt-inside-inner-col > .aligncenter{width:100%;}.kadence-column127_811d85-db > .kt-inside-inner-col{background-image:url('https:\/\/mivia.ai\/wp-content\/uploads\/2024\/04\/Kadence-Microscop-with-Grzegorz.jpg');background-size:cover;background-position:center center;background-attachment:scroll;background-repeat:no-repeat;}.kadence-column127_811d85-db > .kt-inside-inner-col:before{opacity:0.3;}.kadence-column127_811d85-db{position:relative;}@media all and (max-width: 1024px){.kadence-column127_811d85-db > .kt-inside-inner-col{flex-direction:column;justify-content:center;}}@media all and (max-width: 767px){.kadence-column127_811d85-db > .kt-inside-inner-col{flex-direction:column;justify-content:center;}}<\/style>\n<div class=\"wp-block-kadence-column kadence-column127_811d85-db\"><div class=\"kt-inside-inner-col\"><\/div><\/div>\n\n\n<style>.kadence-column127_425165-d0 > .kt-inside-inner-col{padding-top:30px;padding-right:30px;padding-bottom:30px;padding-left:30px;}.kadence-column127_425165-d0 > .kt-inside-inner-col{column-gap:var(--global-kb-gap-sm, 1rem);}.kadence-column127_425165-d0 > .kt-inside-inner-col{flex-direction:column;}.kadence-column127_425165-d0 > .kt-inside-inner-col > .aligncenter{width:100%;}.kadence-column127_425165-d0 > .kt-inside-inner-col{background-color:var(--global-palette9, #ffffff);}.kadence-column127_425165-d0 > .kt-inside-inner-col:before{opacity:0.3;}.kadence-column127_425165-d0{position:relative;}@media all and (max-width: 1024px){.kadence-column127_425165-d0 > .kt-inside-inner-col{flex-direction:column;justify-content:center;}}@media all and (max-width: 767px){.kadence-column127_425165-d0 > .kt-inside-inner-col{padding-top:var(--global-kb-spacing-xs, 1rem);padding-right:var(--global-kb-spacing-xs, 1rem);padding-bottom:var(--global-kb-spacing-xs, 1rem);padding-left:var(--global-kb-spacing-xs, 1rem);flex-direction:column;justify-content:center;}}<\/style>\n<div class=\"wp-block-kadence-column kadence-column127_425165-d0 inner-column-2\"><div class=\"kt-inside-inner-col\"><style>.kb-image127_1a8f14-31 .kb-image-has-overlay:after{opacity:0.3;}<\/style>\n<figure class=\"wp-block-kadence-image kb-image127_1a8f14-31 size-full\"><img loading=\"lazy\" decoding=\"async\" width=\"80\" height=\"80\" src=\"https:\/\/mivia.ai\/wp-content\/uploads\/2025\/03\/MiVIA-Icon.png\" alt=\"\" class=\"kb-img wp-image-3041\" srcset=\"https:\/\/mivia.ai\/wp-content\/uploads\/2025\/03\/MiVIA-Icon.png 80w, https:\/\/mivia.ai\/wp-content\/uploads\/2025\/03\/MiVIA-Icon-12x12.png 12w\" sizes=\"auto, (max-width: 80px) 100vw, 80px\" \/><\/figure>\n\n\n<style>.wp-block-kadence-advanced-form3026-cpt-id .kb-advanced-form input[type=text],.wp-block-kadence-advanced-form3026-cpt-id .kb-advanced-form input[type=tel],.wp-block-kadence-advanced-form3026-cpt-id .kb-advanced-form input[type=number],.wp-block-kadence-advanced-form3026-cpt-id .kb-advanced-form input[type=date],.wp-block-kadence-advanced-form3026-cpt-id .kb-advanced-form input[type=time],.wp-block-kadence-advanced-form3026-cpt-id .kb-advanced-form input[type=email],.wp-block-kadence-advanced-form3026-cpt-id .kb-advanced-form input[type=file],.wp-block-kadence-advanced-form3026-cpt-id .kb-advanced-form select,.wp-block-kadence-advanced-form3026-cpt-id .kb-advanced-form textarea{font-size:var(--global-kb-font-size-md, 1.25rem);border-top-left-radius:12px;border-top-right-radius:12px;border-bottom-right-radius:12px;border-bottom-left-radius:12px;}<\/style><div class=\"wp-block-kadence-advanced-form wp-block-kadence-advanced-form3026-cpt-id kb-adv-form-label-style-normal kb-adv-form-input-size-standard kb-form-basic-style wp-block-kadence-advanced-form\"><form id=\"kb-adv-form-3026-cpt-id\" class=\"kb-advanced-form\" method=\"post\">\n<style>.kb-row-layout-id127_75abde-aa > .kt-row-column-wrap{align-content:start;}:where(.kb-row-layout-id127_75abde-aa > .kt-row-column-wrap) > .wp-block-kadence-column{justify-content:start;}.kb-row-layout-id127_75abde-aa > .kt-row-column-wrap{column-gap:var(--global-kb-gap-md, 2rem);row-gap:var(--global-kb-gap-md, 2rem);padding-top:0px;padding-right:0px;padding-bottom:0px;padding-left:0px;grid-template-columns:minmax(0, 1fr);}.kb-row-layout-id127_75abde-aa > .kt-row-layout-overlay{opacity:0.30;}@media all and (max-width: 1024px){.kb-row-layout-id127_75abde-aa > .kt-row-column-wrap{grid-template-columns:minmax(0, 1fr);}}@media all and (max-width: 767px){.kb-row-layout-id127_75abde-aa > .kt-row-column-wrap{grid-template-columns:minmax(0, 1fr);}}<\/style><div class=\"kb-row-layout-wrap kb-row-layout-id127_75abde-aa alignnone wp-block-kadence-rowlayout\"><div class=\"kt-row-column-wrap kt-has-1-columns kt-row-layout-equal kt-tab-layout-inherit kt-mobile-layout-row kt-row-valign-top\">\n<style>.kadence-column127_41484e-b2 > .kt-inside-inner-col{display:flex;}.kadence-column127_41484e-b2 > .kt-inside-inner-col,.kadence-column127_41484e-b2 > .kt-inside-inner-col:before{border-top-left-radius:0px;border-top-right-radius:0px;border-bottom-right-radius:0px;border-bottom-left-radius:0px;}.kadence-column127_41484e-b2 > .kt-inside-inner-col{row-gap:var(--global-kb-gap-sm, 1rem);column-gap:var(--global-kb-gap-sm, 1rem);}.kadence-column127_41484e-b2 > .kt-inside-inner-col{flex-direction:column;}.kadence-column127_41484e-b2 > .kt-inside-inner-col > .aligncenter{width:100%;}.kadence-column127_41484e-b2 > .kt-inside-inner-col:before{opacity:0.3;}.kadence-column127_41484e-b2{position:relative;}@media all and (max-width: 1024px){.kadence-column127_41484e-b2 > .kt-inside-inner-col{flex-direction:column;justify-content:center;}}@media all and (max-width: 767px){.kadence-column127_41484e-b2 > .kt-inside-inner-col{flex-direction:column;justify-content:center;}}<\/style>\n<div class=\"wp-block-kadence-column kadence-column127_41484e-b2\"><div class=\"kt-inside-inner-col\"><style>.wp-block-kadence-advancedheading.kt-adv-heading127_4501bb-ec, .wp-block-kadence-advancedheading.kt-adv-heading127_4501bb-ec[data-kb-block=\"kb-adv-heading127_4501bb-ec\"]{font-size:var(--global-kb-font-size-lg, 2rem);font-style:normal;}.wp-block-kadence-advancedheading.kt-adv-heading127_4501bb-ec mark.kt-highlight, .wp-block-kadence-advancedheading.kt-adv-heading127_4501bb-ec[data-kb-block=\"kb-adv-heading127_4501bb-ec\"] mark.kt-highlight{font-style:normal;color:#f76a0c;-webkit-box-decoration-break:clone;box-decoration-break:clone;padding-top:0px;padding-right:0px;padding-bottom:0px;padding-left:0px;}.wp-block-kadence-advancedheading.kt-adv-heading127_4501bb-ec img.kb-inline-image, .wp-block-kadence-advancedheading.kt-adv-heading127_4501bb-ec[data-kb-block=\"kb-adv-heading127_4501bb-ec\"] img.kb-inline-image{width:150px;vertical-align:baseline;}<\/style>\n<h2 class=\"kt-adv-heading127_4501bb-ec wp-block-kadence-advancedheading\" data-kb-block=\"kb-adv-heading127_4501bb-ec\">Fangen Sie an, ihre Metallografie 100 % objektiv und 15x effizienter zu machen. <\/h2>\n\n\n<style>.wp-block-kadence-advancedheading.kt-adv-heading127_52fe27-27, .wp-block-kadence-advancedheading.kt-adv-heading127_52fe27-27[data-kb-block=\"kb-adv-heading127_52fe27-27\"]{font-size:var(--global-kb-font-size-md, 1.25rem);font-style:normal;}.wp-block-kadence-advancedheading.kt-adv-heading127_52fe27-27 mark.kt-highlight, .wp-block-kadence-advancedheading.kt-adv-heading127_52fe27-27[data-kb-block=\"kb-adv-heading127_52fe27-27\"] mark.kt-highlight{font-style:normal;color:#f76a0c;-webkit-box-decoration-break:clone;box-decoration-break:clone;padding-top:0px;padding-right:0px;padding-bottom:0px;padding-left:0px;}.wp-block-kadence-advancedheading.kt-adv-heading127_52fe27-27 img.kb-inline-image, .wp-block-kadence-advancedheading.kt-adv-heading127_52fe27-27[data-kb-block=\"kb-adv-heading127_52fe27-27\"] img.kb-inline-image{width:150px;vertical-align:baseline;}<\/style>\n<p class=\"kt-adv-heading127_52fe27-27 wp-block-kadence-advancedheading\" data-kb-block=\"kb-adv-heading127_52fe27-27\">Schlie\u00dfen Sie sich <strong>\u00fcber 100<\/strong> <strong>Metallographen, Laborleitern<\/strong> und <strong>Qualit\u00e4tern<\/strong> an, die w\u00f6chentlich kostenlose Leitf\u00e4den und Techniken f\u00fcr die Metallografie erhalten. <\/p>\n\n\n<div class=\"kb-adv-form-field kb-adv-form-text-type-input kb-adv-form-infield-type-input kb-field302604b99d-2a wp-block-kadence-advanced-form-text\"><input name=\"field04b99d-2a\" id=\"field302604b99d-2a\" data-label=\"Name\" type=\"text\" placeholder=\"Vorname...\" value=\"\" data-type=\"text\" class=\"kb-field kb-text-field\" data-required=\"no\" aria-label=\"Name\"\/><\/div>\n\n<div class=\"kb-adv-form-field kb-adv-form-text-type-input kb-adv-form-infield-type-input kb-field3026f6569d-bd wp-block-kadence-advanced-form-email\"><input name=\"fieldf6569d-bd\" id=\"field3026f6569d-bd\" data-label=\"E-Mail\" type=\"email\" placeholder=\"E-Mail-Addresse...\" value=\"\" data-type=\"email\" class=\"kb-field kb-email-field\" data-required=\"yes\" required aria-required=\"true\" aria-label=\"E-Mail\"\/><\/div>\n\n<style>.wp-block-kadence-advancedheading.kt-adv-heading127_5674ce-96, .wp-block-kadence-advancedheading.kt-adv-heading127_5674ce-96[data-kb-block=\"kb-adv-heading127_5674ce-96\"]{font-size:var(--global-kb-font-size-sm, 0.9rem);font-style:normal;}.wp-block-kadence-advancedheading.kt-adv-heading127_5674ce-96 mark.kt-highlight, .wp-block-kadence-advancedheading.kt-adv-heading127_5674ce-96[data-kb-block=\"kb-adv-heading127_5674ce-96\"] mark.kt-highlight{font-style:normal;color:#f76a0c;-webkit-box-decoration-break:clone;box-decoration-break:clone;padding-top:0px;padding-right:0px;padding-bottom:0px;padding-left:0px;}.wp-block-kadence-advancedheading.kt-adv-heading127_5674ce-96 img.kb-inline-image, .wp-block-kadence-advancedheading.kt-adv-heading127_5674ce-96[data-kb-block=\"kb-adv-heading127_5674ce-96\"] img.kb-inline-image{width:150px;vertical-align:baseline;}<\/style>\n<p class=\"kt-adv-heading127_5674ce-96 wp-block-kadence-advancedheading has-theme-palette-6-color has-text-color\" data-kb-block=\"kb-adv-heading127_5674ce-96\">Durch die Anmeldung akzeptieren Sie die <a href=\"https:\/\/mivia.ai\/privacy-policy\/\" data-type=\"link\" data-id=\"https:\/\/mivia.ai\/privacy-policy\/\">Datenschutzerkl\u00e4rung<\/a>.<\/p>\n<\/div><\/div>\n\n<\/div><\/div>\n\n<style>ul.menu .kb-submit-field .kb-btndd9027-0c.kb-button{width:initial;}.kb-submit-field .kb-btndd9027-0c.kb-button{border-top-left-radius:13px;border-top-right-radius:13px;border-bottom-right-radius:13px;border-bottom-left-radius:13px;}.kb-submit-field .kb-btndd9027-0c.kb-button:hover, .kb-submit-field .kb-btndd9027-0c.kb-button:focus{color:var(--global-palette9, #ffffff);background:#368b35;box-shadow:0px 0px 2px 0px rgba(0, 0, 0, 0.4);}.kb-submit-field.kb-fielddd9027-0c{justify-content:flex-start;}<\/style><div class=\"kb-adv-form-field kb-submit-field kb-fielddd9027-0c wp-block-kadence-advanced-form-submit\"><button class=\"kb-button kt-button button kb-adv-form-submit-button kb-btndd9027-0c kt-btn-size-large kt-btn-width-type-auto kb-btn-global-fill kt-btn-has-text-true kt-btn-has-svg-false\" type=\"submit\"><span class=\"kt-btn-inner-text\">Kostenlos anmelden!<\/span><\/button><\/div>\n<input type=\"hidden\" name=\"_kb_adv_form_post_id\" value=\"3026\"><input type=\"hidden\" name=\"action\" value=\"kb_process_advanced_form_submit\"><input type=\"hidden\" name=\"_kb_adv_form_id\" value=\"3026-cpt-id\"><\/form><\/div><\/div><\/div>\n\n<\/div><\/div><\/div><\/div>\n\n<\/div><\/div>","protected":false},"excerpt":{"rendered":"","protected":false},"author":2,"featured_media":0,"parent":0,"menu_order":0,"comment_status":"closed","ping_status":"closed","template":"","meta":{"_acf_changed":false,"_seopress_robots_primary_cat":"","_seopress_titles_title":"","_seopress_titles_desc":"","_seopress_robots_index":"","_kad_blocks_custom_css":"","_kad_blocks_head_custom_js":"","_kad_blocks_body_custom_js":"","_kad_blocks_footer_custom_js":"","_kadence_starter_templates_imported_post":false,"_kad_post_transparent":"enable","_kad_post_title":"","_kad_post_layout":"","_kad_post_sidebar_id":"","_kad_post_content_style":"","_kad_post_vertical_padding":"","_kad_post_feature":"","_kad_post_feature_position":"","_kad_post_header":false,"_kad_post_footer":false,"footnotes":""},"folder":[],"class_list":["post-127","page","type-page","status-publish","hentry"],"acf":{"webinar_name":"","webinar_timestamp":"","webinar_date":"","webinar_id":""},"taxonomy_info":[],"featured_image_src_large":false,"author_info":{"display_name":"Konstantin P\u00f6schl","author_link":"https:\/\/mivia.ai\/en\/author\/konstantin\/"},"comment_info":0,"publishpress_future_action":{"enabled":false,"date":"2026-04-15 12:21:46","action":"change-status","newStatus":"draft","terms":[],"taxonomy":"folder","extraData":[]},"publishpress_future_workflow_manual_trigger":{"enabledWorkflows":[]},"_links":{"self":[{"href":"https:\/\/mivia.ai\/en\/wp-json\/wp\/v2\/pages\/127","targetHints":{"allow":["GET"]}}],"collection":[{"href":"https:\/\/mivia.ai\/en\/wp-json\/wp\/v2\/pages"}],"about":[{"href":"https:\/\/mivia.ai\/en\/wp-json\/wp\/v2\/types\/page"}],"author":[{"embeddable":true,"href":"https:\/\/mivia.ai\/en\/wp-json\/wp\/v2\/users\/2"}],"replies":[{"embeddable":true,"href":"https:\/\/mivia.ai\/en\/wp-json\/wp\/v2\/comments?post=127"}],"version-history":[{"count":28,"href":"https:\/\/mivia.ai\/en\/wp-json\/wp\/v2\/pages\/127\/revisions"}],"predecessor-version":[{"id":3056,"href":"https:\/\/mivia.ai\/en\/wp-json\/wp\/v2\/pages\/127\/revisions\/3056"}],"wp:attachment":[{"href":"https:\/\/mivia.ai\/en\/wp-json\/wp\/v2\/media?parent=127"}],"wp:term":[{"taxonomy":"folder","embeddable":true,"href":"https:\/\/mivia.ai\/en\/wp-json\/wp\/v2\/folder?post=127"}],"curies":[{"name":"wp","href":"https:\/\/api.w.org\/{rel}","templated":true}]}}