{"id":1923,"date":"2024-09-03T12:47:57","date_gmt":"2024-09-03T12:47:57","guid":{"rendered":"https:\/\/mivia.ai\/?page_id=1923"},"modified":"2024-09-05T09:32:04","modified_gmt":"2024-09-05T09:32:04","slug":"ihr-strategiegespraech","status":"publish","type":"page","link":"https:\/\/mivia.ai\/en\/ihr-strategiegespraech\/","title":{"rendered":"Ihr Strategiegespr\u00e4ch"},"content":{"rendered":"<style>.kadence-column1923_cd3c55-77 > .kt-inside-inner-col,.kadence-column1923_cd3c55-77 > .kt-inside-inner-col:before{border-top-left-radius:0px;border-top-right-radius:0px;border-bottom-right-radius:0px;border-bottom-left-radius:0px;}.kadence-column1923_cd3c55-77 > .kt-inside-inner-col{column-gap:var(--global-kb-gap-sm, 1rem);}.kadence-column1923_cd3c55-77 > .kt-inside-inner-col{flex-direction:column;}.kadence-column1923_cd3c55-77 > .kt-inside-inner-col > .aligncenter{width:100%;}.kadence-column1923_cd3c55-77 > .kt-inside-inner-col:before{opacity:0.3;}.kadence-column1923_cd3c55-77{position:relative;}.kadence-column1923_cd3c55-77, .kt-inside-inner-col > .kadence-column1923_cd3c55-77:not(.specificity){margin-top:var(--global-kb-spacing-3xl, 6.5rem);margin-right:var(--global-kb-spacing-xl, 4rem);margin-bottom:var(--global-kb-spacing-5xl, 10rem);margin-left:var(--global-kb-spacing-xl, 4rem);}@media all and (max-width: 1024px){.kadence-column1923_cd3c55-77 > .kt-inside-inner-col{flex-direction:column;justify-content:center;}}@media all and (max-width: 1024px){.kadence-column1923_cd3c55-77, .kt-inside-inner-col > .kadence-column1923_cd3c55-77:not(.specificity){margin-right:var(--global-kb-spacing-xxs, 0.5rem);margin-left:var(--global-kb-spacing-xs, 1rem);}}@media all and (max-width: 767px){.kadence-column1923_cd3c55-77 > .kt-inside-inner-col{flex-direction:column;justify-content:center;}.kadence-column1923_cd3c55-77, .kt-inside-inner-col > .kadence-column1923_cd3c55-77:not(.specificity){margin-top:var(--global-kb-spacing-xl, 4rem);margin-right:0px;margin-left:0px;}}<\/style>\n<div class=\"wp-block-kadence-column kadence-column1923_cd3c55-77\"><div class=\"kt-inside-inner-col\"><style>.kadence-column1923_22fefd-b7 > .kt-inside-inner-col{padding-right:120px;padding-left:120px;}.kadence-column1923_22fefd-b7 > .kt-inside-inner-col,.kadence-column1923_22fefd-b7 > .kt-inside-inner-col:before{border-top-left-radius:0px;border-top-right-radius:0px;border-bottom-right-radius:0px;border-bottom-left-radius:0px;}.kadence-column1923_22fefd-b7 > .kt-inside-inner-col{column-gap:var(--global-kb-gap-sm, 1rem);}.kadence-column1923_22fefd-b7 > .kt-inside-inner-col{flex-direction:column;}.kadence-column1923_22fefd-b7 > .kt-inside-inner-col > .aligncenter{width:100%;}.kadence-column1923_22fefd-b7 > .kt-inside-inner-col:before{opacity:0.3;}.kadence-column1923_22fefd-b7{position:relative;}@media all and (max-width: 1024px){.kadence-column1923_22fefd-b7 > .kt-inside-inner-col{padding-right:var(--global-kb-spacing-md, 2rem);padding-left:var(--global-kb-spacing-md, 2rem);flex-direction:column;justify-content:center;}}@media all and (max-width: 767px){.kadence-column1923_22fefd-b7 > .kt-inside-inner-col{padding-bottom:var(--global-kb-spacing-md, 2rem);flex-direction:column;justify-content:center;}}<\/style>\n<div class=\"wp-block-kadence-column kadence-column1923_22fefd-b7 kb-section-dir-vertical\"><div class=\"kt-inside-inner-col\"><style>.wp-block-kadence-advancedheading.kt-adv-heading1923_df6803-f3, .wp-block-kadence-advancedheading.kt-adv-heading1923_df6803-f3[data-kb-block=\"kb-adv-heading1923_df6803-f3\"]{text-align:center;font-size:40px;font-style:normal;}.wp-block-kadence-advancedheading.kt-adv-heading1923_df6803-f3 mark.kt-highlight, .wp-block-kadence-advancedheading.kt-adv-heading1923_df6803-f3[data-kb-block=\"kb-adv-heading1923_df6803-f3\"] mark.kt-highlight{font-style:normal;color:#f76a0c;-webkit-box-decoration-break:clone;box-decoration-break:clone;padding-top:0px;padding-right:0px;padding-bottom:0px;padding-left:0px;}.wp-block-kadence-advancedheading.kt-adv-heading1923_df6803-f3 img.kb-inline-image, .wp-block-kadence-advancedheading.kt-adv-heading1923_df6803-f3[data-kb-block=\"kb-adv-heading1923_df6803-f3\"] img.kb-inline-image{width:150px;vertical-align:baseline;}@media all and (max-width: 767px){.wp-block-kadence-advancedheading.kt-adv-heading1923_df6803-f3, .wp-block-kadence-advancedheading.kt-adv-heading1923_df6803-f3[data-kb-block=\"kb-adv-heading1923_df6803-f3\"]{padding-bottom:var(--global-kb-spacing-sm, 1.5rem);font-size:24px;line-height:2;}}<\/style>\n<h1 class=\"kt-adv-heading1923_df6803-f3 wp-block-kadence-advancedheading\" data-kb-block=\"kb-adv-heading1923_df6803-f3\">Damit Ihr Strategiegespr\u00e4ch optimal vorbereitet ist!<\/h1>\n\n\n<style>.wp-block-kadence-advancedheading.kt-adv-heading1923_82a1df-e0, .wp-block-kadence-advancedheading.kt-adv-heading1923_82a1df-e0[data-kb-block=\"kb-adv-heading1923_82a1df-e0\"]{display:block;text-align:center;font-size:var(--global-kb-font-size-md, 1.25rem);font-style:normal;}.wp-block-kadence-advancedheading.kt-adv-heading1923_82a1df-e0 mark.kt-highlight, .wp-block-kadence-advancedheading.kt-adv-heading1923_82a1df-e0[data-kb-block=\"kb-adv-heading1923_82a1df-e0\"] mark.kt-highlight{font-style:normal;color:#f76a0c;-webkit-box-decoration-break:clone;box-decoration-break:clone;padding-top:0px;padding-right:0px;padding-bottom:0px;padding-left:0px;}.wp-block-kadence-advancedheading.kt-adv-heading1923_82a1df-e0 img.kb-inline-image, .wp-block-kadence-advancedheading.kt-adv-heading1923_82a1df-e0[data-kb-block=\"kb-adv-heading1923_82a1df-e0\"] img.kb-inline-image{width:150px;vertical-align:baseline;}@media all and (max-width: 767px){.wp-block-kadence-advancedheading.kt-adv-heading1923_82a1df-e0, .wp-block-kadence-advancedheading.kt-adv-heading1923_82a1df-e0[data-kb-block=\"kb-adv-heading1923_82a1df-e0\"]{font-size:var(--global-kb-font-size-md, 1.25rem);}}<\/style>\n<span class=\"kt-adv-heading1923_82a1df-e0 wp-block-kadence-advancedheading\" data-kb-block=\"kb-adv-heading1923_82a1df-e0\"><\/span>\n\n\n<style>.kadence-column1923_d4e71c-dc > .kt-inside-inner-col{display:flex;}.kadence-column1923_d4e71c-dc{max-width:2000px;margin-left:auto;margin-right:auto;}.wp-block-kadence-column.kb-section-dir-horizontal:not(.kb-section-md-dir-vertical)>.kt-inside-inner-col>.kadence-column1923_d4e71c-dc{-webkit-flex:0 1 2000px;flex:0 1 2000px;max-width:unset;margin-left:unset;margin-right:unset;}.kadence-column1923_d4e71c-dc > .kt-inside-inner-col,.kadence-column1923_d4e71c-dc > .kt-inside-inner-col:before{border-top-left-radius:0px;border-top-right-radius:0px;border-bottom-right-radius:0px;border-bottom-left-radius:0px;}.kadence-column1923_d4e71c-dc > .kt-inside-inner-col{column-gap:var(--global-kb-gap-sm, 1rem);}.kadence-column1923_d4e71c-dc > .kt-inside-inner-col{flex-direction:column;align-items:center;}.kadence-column1923_d4e71c-dc > .kt-inside-inner-col > .kb-image-is-ratio-size{align-self:stretch;}.kadence-column1923_d4e71c-dc > .kt-inside-inner-col > .wp-block-kadence-advancedgallery{align-self:stretch;}.kadence-column1923_d4e71c-dc > .kt-inside-inner-col > .aligncenter{width:100%;}.kadence-column1923_d4e71c-dc > .kt-inside-inner-col:before{opacity:0.3;}.kadence-column1923_d4e71c-dc{text-align:center;}.kadence-column1923_d4e71c-dc{position:relative;}@media all and (min-width: 1025px){.wp-block-kadence-column.kb-section-dir-horizontal>.kt-inside-inner-col>.kadence-column1923_d4e71c-dc{-webkit-flex:0 1 2000px;flex:0 1 2000px;max-width:unset;margin-left:unset;margin-right:unset;}}@media all and (max-width: 1024px){.kadence-column1923_d4e71c-dc > .kt-inside-inner-col{flex-direction:column;justify-content:center;align-items:center;}}@media all and (max-width: 767px){.wp-block-kadence-column.kb-section-sm-dir-vertical:not(.kb-section-sm-dir-horizontal):not(.kb-section-sm-dir-specificity)>.kt-inside-inner-col>.kadence-column1923_d4e71c-dc{max-width:2000px;-webkit-flex:1;flex:1;margin-left:auto;margin-right:auto;}.kadence-column1923_d4e71c-dc > .kt-inside-inner-col{flex-direction:column;justify-content:center;align-items:center;}}<\/style>\n<div class=\"wp-block-kadence-column kadence-column1923_d4e71c-dc kb-section-dir-vertical\"><div class=\"kt-inside-inner-col\">\n<script src=\"https:\/\/fast.wistia.com\/embed\/medias\/53npwlu7zp.jsonp\" async><\/script><script src=\"https:\/\/fast.wistia.com\/assets\/external\/E-v1.js\" async><\/script><div class=\"wistia_embed wistia_async_53npwlu7zp seo=true videoFoam=false\" style=\"height:450px;position:relative;width:800px\"><div class=\"wistia_swatch\" style=\"height:100%;left:0;opacity:0;overflow:hidden;position:absolute;top:0;transition:opacity 200ms;width:100%;\"><img decoding=\"async\" src=\"https:\/\/fast.wistia.com\/embed\/medias\/53npwlu7zp\/swatch\" style=\"filter:blur(5px);height:100%;object-fit:contain;width:100%;\" alt=\"\" aria-hidden=\"true\" onload=\"this.parentNode.style.opacity=1;\" \/><\/div><\/div>\n<\/div><\/div>\n<\/div><\/div>\n\n\n<style>.kadence-column1923_cc71cf-44 > .kt-inside-inner-col{display:flex;}.kadence-column1923_cc71cf-44 > .kt-inside-inner-col{padding-top:var(--global-kb-spacing-md, 2rem);padding-right:var(--global-kb-spacing-5xl, 10rem);padding-bottom:var(--global-kb-spacing-lg, 3rem);padding-left:var(--global-kb-spacing-5xl, 10rem);}.kadence-column1923_cc71cf-44 > .kt-inside-inner-col,.kadence-column1923_cc71cf-44 > .kt-inside-inner-col:before{border-top-left-radius:0px;border-top-right-radius:0px;border-bottom-right-radius:0px;border-bottom-left-radius:0px;}.kadence-column1923_cc71cf-44 > .kt-inside-inner-col{column-gap:var(--global-kb-gap-sm, 1rem);}.kadence-column1923_cc71cf-44 > .kt-inside-inner-col{flex-direction:row;flex-wrap:wrap;align-items:center;}.kadence-column1923_cc71cf-44 > .kt-inside-inner-col > *, .kadence-column1923_cc71cf-44 > .kt-inside-inner-col > figure.wp-block-image, .kadence-column1923_cc71cf-44 > .kt-inside-inner-col > figure.wp-block-kadence-image{margin-top:0px;margin-bottom:0px;}.kadence-column1923_cc71cf-44 > .kt-inside-inner-col > .kb-image-is-ratio-size{flex-grow:1;}.kt-row-column-wrap > .kadence-column1923_cc71cf-44{align-self:center;}.kt-inner-column-height-full:not(.kt-has-1-columns) > .wp-block-kadence-column.kadence-column1923_cc71cf-44{align-self:auto;}.kt-inner-column-height-full:not(.kt-has-1-columns) > .wp-block-kadence-column.kadence-column1923_cc71cf-44 > .kt-inside-inner-col{align-items:center;}.kadence-column1923_cc71cf-44 > .kt-inside-inner-col:before{opacity:0.3;}.kadence-column1923_cc71cf-44{position:relative;}@media all and (max-width: 1024px){.kadence-column1923_cc71cf-44 > .kt-inside-inner-col{padding-right:var(--global-kb-spacing-xs, 1rem);padding-left:var(--global-kb-spacing-xs, 1rem);flex-direction:row;flex-wrap:wrap;align-items:center;}}@media all and (max-width: 1024px){.kt-row-column-wrap > .kadence-column1923_cc71cf-44{align-self:center;}}@media all and (max-width: 1024px){.kt-inner-column-height-full:not(.kt-has-1-columns) > .wp-block-kadence-column.kadence-column1923_cc71cf-44{align-self:auto;}}@media all and (max-width: 1024px){.kt-inner-column-height-full:not(.kt-has-1-columns) > .wp-block-kadence-column.kadence-column1923_cc71cf-44 > .kt-inside-inner-col{align-items:center;}}@media all and (min-width: 768px) and (max-width: 1024px){.kadence-column1923_cc71cf-44 > .kt-inside-inner-col > *, .kadence-column1923_cc71cf-44 > .kt-inside-inner-col > figure.wp-block-image, .kadence-column1923_cc71cf-44 > .kt-inside-inner-col > figure.wp-block-kadence-image{margin-top:0px;margin-bottom:0px;}.kadence-column1923_cc71cf-44 > .kt-inside-inner-col > .kb-image-is-ratio-size{flex-grow:1;}}@media all and (max-width: 767px){.kadence-column1923_cc71cf-44 > .kt-inside-inner-col{padding-right:var(--global-kb-spacing-xxs, 0.5rem);padding-left:var(--global-kb-spacing-xxs, 0.5rem);flex-direction:row;flex-wrap:wrap;justify-content:flex-start;}.kt-row-column-wrap > .kadence-column1923_cc71cf-44{align-self:center;}.kt-inner-column-height-full:not(.kt-has-1-columns) > .wp-block-kadence-column.kadence-column1923_cc71cf-44{align-self:auto;}.kt-inner-column-height-full:not(.kt-has-1-columns) > .wp-block-kadence-column.kadence-column1923_cc71cf-44 > .kt-inside-inner-col{align-items:center;}.kadence-column1923_cc71cf-44 > .kt-inside-inner-col > *, .kadence-column1923_cc71cf-44 > .kt-inside-inner-col > figure.wp-block-image, .kadence-column1923_cc71cf-44 > .kt-inside-inner-col > figure.wp-block-kadence-image{margin-top:0px;margin-bottom:0px;}.kadence-column1923_cc71cf-44 > .kt-inside-inner-col > .kb-image-is-ratio-size{flex-grow:1;}}<\/style>\n<div class=\"wp-block-kadence-column kadence-column1923_cc71cf-44 kb-section-dir-horizontal\"><div class=\"kt-inside-inner-col\"><style>.kb-row-layout-id1923_4bdcdf-24 > .kt-row-column-wrap{align-content:start;}:where(.kb-row-layout-id1923_4bdcdf-24 > .kt-row-column-wrap) > .wp-block-kadence-column{justify-content:start;}.kb-row-layout-id1923_4bdcdf-24 > .kt-row-column-wrap{column-gap:var(--global-kb-gap-md, 2rem);row-gap:var(--global-kb-gap-md, 2rem);padding-top:var(--global-kb-spacing-sm, 1.5rem);padding-right:var(--global-kb-spacing-sm, 1.5rem);padding-bottom:var(--global-kb-spacing-sm, 1.5rem);padding-left:var(--global-kb-spacing-sm, 1.5rem);grid-template-columns:minmax(0, 1fr) minmax(0, 2fr);}.kb-row-layout-id1923_4bdcdf-24{border-top-left-radius:24px;border-top-right-radius:24px;border-bottom-right-radius:24px;border-bottom-left-radius:24px;overflow:clip;isolation:isolate;}.kb-row-layout-id1923_4bdcdf-24 > .kt-row-layout-overlay{border-top-left-radius:24px;border-top-right-radius:24px;border-bottom-right-radius:24px;border-bottom-left-radius:24px;}.kb-row-layout-id1923_4bdcdf-24 > .kt-row-layout-overlay{opacity:0.30;}@media all and (max-width: 1024px){.kb-row-layout-id1923_4bdcdf-24 > .kt-row-column-wrap{grid-template-columns:minmax(0, 1fr) minmax(0, 2fr);}}@media all and (max-width: 767px){.kb-row-layout-id1923_4bdcdf-24 > .kt-row-column-wrap{padding-right:var(--global-kb-spacing-xs, 1rem);padding-left:var(--global-kb-spacing-xs, 1rem);grid-template-columns:minmax(0, 1fr);}}<\/style><div class=\"kb-row-layout-wrap kb-row-layout-id1923_4bdcdf-24 alignnone has-theme-palette1-background-color kt-row-has-bg wp-block-kadence-rowlayout\"><div class=\"kt-row-column-wrap kt-has-2-columns kt-row-layout-right-golden kt-tab-layout-inherit kt-mobile-layout-row kt-row-valign-top\">\n<style>.kadence-column1923_2d0e7a-e5 > .kt-inside-inner-col{display:flex;}.kadence-column1923_2d0e7a-e5 > .kt-inside-inner-col{padding-top:20px;padding-right:20px;padding-bottom:20px;padding-left:20px;}.kadence-column1923_2d0e7a-e5 > .kt-inside-inner-col,.kadence-column1923_2d0e7a-e5 > .kt-inside-inner-col:before{border-top-left-radius:30px;border-top-right-radius:30px;border-bottom-right-radius:30px;border-bottom-left-radius:30px;}.kadence-column1923_2d0e7a-e5 > .kt-inside-inner-col{column-gap:var(--global-kb-gap-sm, 1rem);}.kadence-column1923_2d0e7a-e5 > .kt-inside-inner-col{flex-direction:column;justify-content:center;}.kadence-column1923_2d0e7a-e5 > .kt-inside-inner-col > .aligncenter{width:100%;}.kt-row-column-wrap > .kadence-column1923_2d0e7a-e5{align-self:center;}.kt-inner-column-height-full:not(.kt-has-1-columns) > .wp-block-kadence-column.kadence-column1923_2d0e7a-e5{align-self:auto;}.kt-inner-column-height-full:not(.kt-has-1-columns) > .wp-block-kadence-column.kadence-column1923_2d0e7a-e5 > .kt-inside-inner-col{flex-direction:column;justify-content:center;}.kadence-column1923_2d0e7a-e5 > .kt-inside-inner-col{background-color:var(--global-palette9, #ffffff);}.kadence-column1923_2d0e7a-e5 > .kt-inside-inner-col:before{opacity:0.3;}.kadence-column1923_2d0e7a-e5{position:relative;}@media all and (max-width: 1024px){.kt-row-column-wrap > .kadence-column1923_2d0e7a-e5{align-self:center;}}@media all and (max-width: 1024px){.kt-inner-column-height-full:not(.kt-has-1-columns) > .wp-block-kadence-column.kadence-column1923_2d0e7a-e5{align-self:auto;}}@media all and (max-width: 1024px){.kt-inner-column-height-full:not(.kt-has-1-columns) > .wp-block-kadence-column.kadence-column1923_2d0e7a-e5 > .kt-inside-inner-col{flex-direction:column;justify-content:center;}}@media all and (max-width: 1024px){.kadence-column1923_2d0e7a-e5 > .kt-inside-inner-col{flex-direction:column;justify-content:center;}}@media all and (max-width: 767px){.kt-row-column-wrap > .kadence-column1923_2d0e7a-e5{align-self:center;}.kt-inner-column-height-full:not(.kt-has-1-columns) > .wp-block-kadence-column.kadence-column1923_2d0e7a-e5{align-self:auto;}.kt-inner-column-height-full:not(.kt-has-1-columns) > .wp-block-kadence-column.kadence-column1923_2d0e7a-e5 > .kt-inside-inner-col{flex-direction:column;justify-content:center;}.kadence-column1923_2d0e7a-e5 > .kt-inside-inner-col{flex-direction:column;justify-content:center;}}<\/style>\n<div class=\"wp-block-kadence-column kadence-column1923_2d0e7a-e5\"><div class=\"kt-inside-inner-col\"><style>.kb-image1923_e7ebc0-c0 .kb-image-has-overlay:after{opacity:0.3;}<\/style>\n<figure class=\"wp-block-kadence-image kb-image1923_e7ebc0-c0 size-large\"><img loading=\"lazy\" decoding=\"async\" width=\"1024\" height=\"361\" src=\"https:\/\/mivia.ai\/wp-content\/uploads\/2024\/08\/TUBAF_Logo_blau-1024x361.png\" alt=\"Logo of the University of Freiberg\" class=\"kb-img wp-image-1831\" srcset=\"https:\/\/mivia.ai\/wp-content\/uploads\/2024\/08\/TUBAF_Logo_blau-1024x361.png 1024w, https:\/\/mivia.ai\/wp-content\/uploads\/2024\/08\/TUBAF_Logo_blau-300x106.png 300w, https:\/\/mivia.ai\/wp-content\/uploads\/2024\/08\/TUBAF_Logo_blau-768x271.png 768w, https:\/\/mivia.ai\/wp-content\/uploads\/2024\/08\/TUBAF_Logo_blau-1536x541.png 1536w, https:\/\/mivia.ai\/wp-content\/uploads\/2024\/08\/TUBAF_Logo_blau-2048x721.png 2048w, https:\/\/mivia.ai\/wp-content\/uploads\/2024\/08\/TUBAF_Logo_blau-18x6.png 18w\" sizes=\"auto, (max-width: 1024px) 100vw, 1024px\" \/><\/figure>\n<\/div><\/div>\n\n\n<style>.kadence-column1923_a1f8d7-2c > .kt-inside-inner-col{display:flex;}.kadence-column1923_a1f8d7-2c > .kt-inside-inner-col,.kadence-column1923_a1f8d7-2c > .kt-inside-inner-col:before{border-top-left-radius:0px;border-top-right-radius:0px;border-bottom-right-radius:0px;border-bottom-left-radius:0px;}.kadence-column1923_a1f8d7-2c > .kt-inside-inner-col{column-gap:var(--global-kb-gap-sm, 1rem);}.kadence-column1923_a1f8d7-2c > .kt-inside-inner-col{flex-direction:row;flex-wrap:wrap;align-items:center;}.kadence-column1923_a1f8d7-2c > .kt-inside-inner-col > *, .kadence-column1923_a1f8d7-2c > .kt-inside-inner-col > figure.wp-block-image, .kadence-column1923_a1f8d7-2c > .kt-inside-inner-col > figure.wp-block-kadence-image{margin-top:0px;margin-bottom:0px;}.kadence-column1923_a1f8d7-2c > .kt-inside-inner-col > .kb-image-is-ratio-size{flex-grow:1;}.kt-row-column-wrap > .kadence-column1923_a1f8d7-2c{align-self:center;}.kt-inner-column-height-full:not(.kt-has-1-columns) > .wp-block-kadence-column.kadence-column1923_a1f8d7-2c{align-self:auto;}.kt-inner-column-height-full:not(.kt-has-1-columns) > .wp-block-kadence-column.kadence-column1923_a1f8d7-2c > .kt-inside-inner-col{align-items:center;}.kadence-column1923_a1f8d7-2c > .kt-inside-inner-col:before{opacity:0.3;}.kadence-column1923_a1f8d7-2c{position:relative;}@media all and (max-width: 1024px){.kt-row-column-wrap > .kadence-column1923_a1f8d7-2c{align-self:center;}}@media all and (max-width: 1024px){.kt-inner-column-height-full:not(.kt-has-1-columns) > .wp-block-kadence-column.kadence-column1923_a1f8d7-2c{align-self:auto;}}@media all and (max-width: 1024px){.kt-inner-column-height-full:not(.kt-has-1-columns) > .wp-block-kadence-column.kadence-column1923_a1f8d7-2c > .kt-inside-inner-col{align-items:center;}}@media all and (max-width: 1024px){.kadence-column1923_a1f8d7-2c > .kt-inside-inner-col{flex-direction:row;flex-wrap:wrap;align-items:center;}}@media all and (min-width: 768px) and (max-width: 1024px){.kadence-column1923_a1f8d7-2c > .kt-inside-inner-col > *, .kadence-column1923_a1f8d7-2c > .kt-inside-inner-col > figure.wp-block-image, .kadence-column1923_a1f8d7-2c > .kt-inside-inner-col > figure.wp-block-kadence-image{margin-top:0px;margin-bottom:0px;}.kadence-column1923_a1f8d7-2c > .kt-inside-inner-col > .kb-image-is-ratio-size{flex-grow:1;}}@media all and (max-width: 767px){.kt-row-column-wrap > .kadence-column1923_a1f8d7-2c{align-self:center;}.kt-inner-column-height-full:not(.kt-has-1-columns) > .wp-block-kadence-column.kadence-column1923_a1f8d7-2c{align-self:auto;}.kt-inner-column-height-full:not(.kt-has-1-columns) > .wp-block-kadence-column.kadence-column1923_a1f8d7-2c > .kt-inside-inner-col{align-items:center;}.kadence-column1923_a1f8d7-2c > .kt-inside-inner-col{flex-direction:row;flex-wrap:wrap;justify-content:flex-start;}.kadence-column1923_a1f8d7-2c > .kt-inside-inner-col > *, .kadence-column1923_a1f8d7-2c > .kt-inside-inner-col > figure.wp-block-image, .kadence-column1923_a1f8d7-2c > .kt-inside-inner-col > figure.wp-block-kadence-image{margin-top:0px;margin-bottom:0px;}.kadence-column1923_a1f8d7-2c > .kt-inside-inner-col > .kb-image-is-ratio-size{flex-grow:1;}}<\/style>\n<div class=\"wp-block-kadence-column kadence-column1923_a1f8d7-2c kb-section-dir-horizontal\"><div class=\"kt-inside-inner-col\"><style>.wp-block-kadence-advancedheading.kt-adv-heading1923_e65327-43, .wp-block-kadence-advancedheading.kt-adv-heading1923_e65327-43[data-kb-block=\"kb-adv-heading1923_e65327-43\"]{text-align:left;font-style:normal;}.wp-block-kadence-advancedheading.kt-adv-heading1923_e65327-43 mark.kt-highlight, .wp-block-kadence-advancedheading.kt-adv-heading1923_e65327-43[data-kb-block=\"kb-adv-heading1923_e65327-43\"] mark.kt-highlight{font-style:normal;color:#f76a0c;-webkit-box-decoration-break:clone;box-decoration-break:clone;padding-top:0px;padding-right:0px;padding-bottom:0px;padding-left:0px;}.wp-block-kadence-advancedheading.kt-adv-heading1923_e65327-43 img.kb-inline-image, .wp-block-kadence-advancedheading.kt-adv-heading1923_e65327-43[data-kb-block=\"kb-adv-heading1923_e65327-43\"] img.kb-inline-image{width:150px;vertical-align:baseline;}@media all and (max-width: 767px){.wp-block-kadence-advancedheading.kt-adv-heading1923_e65327-43, .wp-block-kadence-advancedheading.kt-adv-heading1923_e65327-43[data-kb-block=\"kb-adv-heading1923_e65327-43\"]{font-size:var(--global-kb-font-size-sm, 0.9rem);}}<\/style>\n<p class=\"kt-adv-heading1923_e65327-43 wp-block-kadence-advancedheading has-theme-palette-9-color has-text-color\" data-kb-block=\"kb-adv-heading1923_e65327-43\">Die gr\u00f6\u00dfte wissenschaftlich validierte Datenbank an Mikrostrukturen gibt es bei MiViA. Dank der erfolgreichen Zusammenarbeit mit der Universit\u00e4t Freiberg. <\/p>\n<\/div><\/div>\n\n<\/div><\/div><\/div><\/div>\n\n\n<style>.kadence-column1923_e7bd5a-de > .kt-inside-inner-col{padding-right:120px;padding-left:120px;}.kadence-column1923_e7bd5a-de > .kt-inside-inner-col,.kadence-column1923_e7bd5a-de > .kt-inside-inner-col:before{border-top-left-radius:0px;border-top-right-radius:0px;border-bottom-right-radius:0px;border-bottom-left-radius:0px;}.kadence-column1923_e7bd5a-de > .kt-inside-inner-col{column-gap:var(--global-kb-gap-sm, 1rem);}.kadence-column1923_e7bd5a-de > .kt-inside-inner-col{flex-direction:column;}.kadence-column1923_e7bd5a-de > .kt-inside-inner-col > .aligncenter{width:100%;}.kadence-column1923_e7bd5a-de > .kt-inside-inner-col:before{opacity:0.3;}.kadence-column1923_e7bd5a-de{position:relative;}@media all and (max-width: 1024px){.kadence-column1923_e7bd5a-de > .kt-inside-inner-col{padding-right:var(--global-kb-spacing-md, 2rem);padding-left:var(--global-kb-spacing-md, 2rem);flex-direction:column;justify-content:center;}}@media all and (max-width: 767px){.kadence-column1923_e7bd5a-de > .kt-inside-inner-col{padding-bottom:var(--global-kb-spacing-md, 2rem);flex-direction:column;justify-content:center;}}<\/style>\n<div class=\"wp-block-kadence-column kadence-column1923_e7bd5a-de\"><div class=\"kt-inside-inner-col\"><\/div><\/div>\n<\/div><\/div>\n","protected":false},"excerpt":{"rendered":"<p>Damit Ihr Strategiegespr\u00e4ch optimal vorbereitet ist! Die gr\u00f6\u00dfte wissenschaftlich validierte Datenbank an Mikrostrukturen gibt es bei MiViA. Dank der erfolgreichen Zusammenarbeit mit der Universit\u00e4t Freiberg.<\/p>","protected":false},"author":2,"featured_media":0,"parent":0,"menu_order":0,"comment_status":"closed","ping_status":"closed","template":"","meta":{"_acf_changed":false,"_seopress_robots_primary_cat":"","_seopress_titles_title":"","_seopress_titles_desc":"","_seopress_robots_index":"","_kad_blocks_custom_css":"","_kad_blocks_head_custom_js":"","_kad_blocks_body_custom_js":"","_kad_blocks_footer_custom_js":"","_kadence_starter_templates_imported_post":false,"_kad_post_transparent":"","_kad_post_title":"","_kad_post_layout":"","_kad_post_sidebar_id":"","_kad_post_content_style":"","_kad_post_vertical_padding":"","_kad_post_feature":"","_kad_post_feature_position":"","_kad_post_header":true,"_kad_post_footer":false,"footnotes":""},"folder":[55],"class_list":["post-1923","page","type-page","status-publish","hentry"],"acf":{"webinar_name":null,"webinar_timestamp":null,"webinar_date":null,"webinar_id":null},"taxonomy_info":[],"featured_image_src_large":false,"author_info":{"display_name":"Konstantin P\u00f6schl","author_link":"https:\/\/mivia.ai\/en\/author\/konstantin\/"},"comment_info":0,"publishpress_future_action":{"enabled":false,"date":"2026-04-13 08:04:39","action":"change-status","newStatus":"draft","terms":[],"taxonomy":"folder","extraData":[]},"publishpress_future_workflow_manual_trigger":{"enabledWorkflows":[]},"_links":{"self":[{"href":"https:\/\/mivia.ai\/en\/wp-json\/wp\/v2\/pages\/1923","targetHints":{"allow":["GET"]}}],"collection":[{"href":"https:\/\/mivia.ai\/en\/wp-json\/wp\/v2\/pages"}],"about":[{"href":"https:\/\/mivia.ai\/en\/wp-json\/wp\/v2\/types\/page"}],"author":[{"embeddable":true,"href":"https:\/\/mivia.ai\/en\/wp-json\/wp\/v2\/users\/2"}],"replies":[{"embeddable":true,"href":"https:\/\/mivia.ai\/en\/wp-json\/wp\/v2\/comments?post=1923"}],"version-history":[{"count":7,"href":"https:\/\/mivia.ai\/en\/wp-json\/wp\/v2\/pages\/1923\/revisions"}],"predecessor-version":[{"id":1931,"href":"https:\/\/mivia.ai\/en\/wp-json\/wp\/v2\/pages\/1923\/revisions\/1931"}],"wp:attachment":[{"href":"https:\/\/mivia.ai\/en\/wp-json\/wp\/v2\/media?parent=1923"}],"wp:term":[{"taxonomy":"folder","embeddable":true,"href":"https:\/\/mivia.ai\/en\/wp-json\/wp\/v2\/folder?post=1923"}],"curies":[{"name":"wp","href":"https:\/\/api.w.org\/{rel}","templated":true}]}}